{"id":1152,"date":"2023-07-21T00:55:12","date_gmt":"2023-07-20T23:55:12","guid":{"rendered":"http:\/\/amelieproulx.com\/bio\/"},"modified":"2023-07-21T18:57:10","modified_gmt":"2023-07-21T17:57:10","slug":"bio","status":"publish","type":"page","link":"https:\/\/amelieproulx.com\/en\/bio\/","title":{"rendered":"Bio"},"content":{"rendered":"\n<p>Am\u00e9lie Proulx is an artist living and working in L\u00e9vis, QC, Canada. She received a BFA from Concordia University in Montreal (2006) and an MFA from the Nova Scotia College of Art and Design University in Halifax (2010). Her artwork has been presented in solo and group exhibitions in Canada, the United States, Australia, Scotland and France. In 2013, she received the RBC Emerging Artist People\u2019s Choice Award at the Gardiner Museum in Toronto, and the Winifred Shantz Award for Ceramics in 2016 at the Canadian Clay and Glass Gallery. In 2021, she received the Prix Videre Cr\u00e9ation en arts visuels awarded by Manif d\u2019Art. Since 2019, she has been making public artwork for different public spaces in the province of Qu\u00e9bec. Her public art practice allows her to work on bigger and more ambitious projects that are permanently installed in different public settings. She has also participated in several residencies, notably at the European Ceramic Work Centre (The Netherlands, 2014) and the arts\/industry residency at Kohler Co. (Wisconsin, 2017). She teaches ceramics at the Maison des m\u00e9tiers d\u2019art de Qu\u00e9bec and Concordia University in Montr\u00e9al. Her work is found in several public and private collections, most notably the Mus\u00e9e national des beaux-arts du Qu\u00e9bec.<\/p>\n\n<p>She is represented by <a href=\"https:\/\/chiguerartcontemporain.com\/\" target=\"_blank\" rel=\"noreferrer noopener\">Chiguer Art Contemporain<\/a>.<\/p>\n","protected":false},"excerpt":{"rendered":"<p>Am\u00e9lie Proulx is an artist living and working in L\u00e9vis, QC, Canada. She received a BFA from Concordia University in Montreal (2006) and an MFA from<span class=\"excerpt-hellip\"> [\u2026]<\/span><\/p>\n","protected":false},"author":1,"featured_media":0,"parent":0,"menu_order":0,"comment_status":"closed","ping_status":"closed","template":"","meta":{"footnotes":""},"_links":{"self":[{"href":"https:\/\/amelieproulx.com\/en\/wp-json\/wp\/v2\/pages\/1152"}],"collection":[{"href":"https:\/\/amelieproulx.com\/en\/wp-json\/wp\/v2\/pages"}],"about":[{"href":"https:\/\/amelieproulx.com\/en\/wp-json\/wp\/v2\/types\/page"}],"author":[{"embeddable":true,"href":"https:\/\/amelieproulx.com\/en\/wp-json\/wp\/v2\/users\/1"}],"replies":[{"embeddable":true,"href":"https:\/\/amelieproulx.com\/en\/wp-json\/wp\/v2\/comments?post=1152"}],"version-history":[{"count":2,"href":"https:\/\/amelieproulx.com\/en\/wp-json\/wp\/v2\/pages\/1152\/revisions"}],"predecessor-version":[{"id":1571,"href":"https:\/\/amelieproulx.com\/en\/wp-json\/wp\/v2\/pages\/1152\/revisions\/1571"}],"wp:attachment":[{"href":"https:\/\/amelieproulx.com\/en\/wp-json\/wp\/v2\/media?parent=1152"}],"curies":[{"name":"wp","href":"https:\/\/api.w.org\/{rel}","templated":true}]}}